{"id":10,"date":"2025-11-14T07:54:49","date_gmt":"2025-11-14T07:54:49","guid":{"rendered":"http:\/\/eurofirany.walbrzych.pl\/?page_id=10"},"modified":"2025-11-14T08:31:54","modified_gmt":"2025-11-14T08:31:54","slug":"strona-glowna","status":"publish","type":"page","link":"https:\/\/eurofirany.walbrzych.pl\/","title":{"rendered":"Eurofirany"},"content":{"rendered":"\n<p>Odkryj bogat\u0105 ofert\u0119 eleganckich firan, zas\u0142on i tekstyli\u00f3w domowych w sklepie<strong>\u00a0<em>Eurofirany<\/em><\/strong>. Wysoka jako\u015b\u0107, nowoczesne wzornictwo i atrakcyjne ceny.<\/p>\n","protected":false},"excerpt":{"rendered":"<p>Odkryj bogat\u0105 ofert\u0119 eleganckich firan, zas\u0142on i tekstyli\u00f3w domowych w sklepie\u00a0Eurofirany. Wysoka jako\u015b\u0107, nowoczesne wzornictwo i atrakcyjne ceny.<\/p>\n","protected":false},"author":1,"featured_media":0,"parent":0,"menu_order":0,"comment_status":"closed","ping_status":"closed","template":"","meta":{"footnotes":""},"class_list":["post-10","page","type-page","status-publish","hentry"],"_links":{"self":[{"href":"https:\/\/eurofirany.walbrzych.pl\/index.php\/wp-json\/wp\/v2\/pages\/10","targetHints":{"allow":["GET"]}}],"collection":[{"href":"https:\/\/eurofirany.walbrzych.pl\/index.php\/wp-json\/wp\/v2\/pages"}],"about":[{"href":"https:\/\/eurofirany.walbrzych.pl\/index.php\/wp-json\/wp\/v2\/types\/page"}],"author":[{"embeddable":true,"href":"https:\/\/eurofirany.walbrzych.pl\/index.php\/wp-json\/wp\/v2\/users\/1"}],"replies":[{"embeddable":true,"href":"https:\/\/eurofirany.walbrzych.pl\/index.php\/wp-json\/wp\/v2\/comments?post=10"}],"version-history":[{"count":3,"href":"https:\/\/eurofirany.walbrzych.pl\/index.php\/wp-json\/wp\/v2\/pages\/10\/revisions"}],"predecessor-version":[{"id":51,"href":"https:\/\/eurofirany.walbrzych.pl\/index.php\/wp-json\/wp\/v2\/pages\/10\/revisions\/51"}],"wp:attachment":[{"href":"https:\/\/eurofirany.walbrzych.pl\/index.php\/wp-json\/wp\/v2\/media?parent=10"}],"curies":[{"name":"wp","href":"https:\/\/api.w.org\/{rel}","templated":true}]}}